{"id":4785,"date":"2025-09-10T00:45:45","date_gmt":"2025-09-10T05:45:45","guid":{"rendered":"https:\/\/hotelesmontes.com\/accueil\/"},"modified":"2025-10-16T11:08:39","modified_gmt":"2025-10-16T16:08:39","slug":"accueil","status":"publish","type":"page","link":"https:\/\/hotelesmontes.com\/fr\/","title":{"rendered":"Accueil"},"content":{"rendered":"","protected":false},"excerpt":{"rendered":"","protected":false},"author":9,"featured_media":0,"parent":0,"menu_order":0,"comment_status":"closed","ping_status":"closed","template":"","meta":{"footnotes":""},"class_list":["post-4785","page","type-page","status-publish","hentry"],"yoast_head":"<!-- This site is optimized with the Yoast SEO plugin v27.2 - https:\/\/yoast.com\/product\/yoast-seo-wordpress\/ -->\n<title>Accueil % - Colecci\u00f3n Mont\u00e9s<\/title>\n<meta name=\"description\" content=\"D\u00e9couvrez la collection Mont\u00e9s : des h\u00f4tels-boutiques en Colombie entour\u00e9s par la nature, au design raffin\u00e9 et proposant des exp\u00e9riences uniques. Vivez le tourisme nature.\" \/>\n<meta name=\"robots\" content=\"index, follow, max-snippet:-1, max-image-preview:large, max-video-preview:-1\" \/>\n<link rel=\"canonical\" href=\"https:\/\/hotelesmontes.com\/fr\/\" \/>\n<meta property=\"og:locale\" content=\"fr_FR\" \/>\n<meta property=\"og:type\" content=\"article\" \/>\n<meta property=\"og:title\" content=\"Accueil % - Colecci\u00f3n Mont\u00e9s\" \/>\n<meta property=\"og:description\" content=\"D\u00e9couvrez la collection Mont\u00e9s : des h\u00f4tels-boutiques en Colombie entour\u00e9s par la nature, au design raffin\u00e9 et proposant des exp\u00e9riences uniques. Vivez le tourisme nature.\" \/>\n<meta property=\"og:url\" content=\"https:\/\/hotelesmontes.com\/fr\/\" \/>\n<meta property=\"og:site_name\" content=\"Colecci\u00f3n Mont\u00e9s\" \/>\n<meta property=\"article:publisher\" content=\"https:\/\/www.facebook.com\/profile.php?id=61555568130292\" \/>\n<meta property=\"article:modified_time\" content=\"2025-10-16T16:08:39+00:00\" \/>\n<meta name=\"twitter:card\" content=\"summary_large_image\" \/>\n<script type=\"application\/ld+json\" class=\"yoast-schema-graph\">{\"@context\":\"https:\/\/schema.org\",\"@graph\":[{\"@type\":\"WebPage\",\"@id\":\"https:\/\/hotelesmontes.com\/fr\/\",\"url\":\"https:\/\/hotelesmontes.com\/fr\/\",\"name\":\"Accueil % - Colecci\u00f3n Mont\u00e9s\",\"isPartOf\":{\"@id\":\"https:\/\/hotelesmontes.com\/fr\/#website\"},\"datePublished\":\"2025-09-10T05:45:45+00:00\",\"dateModified\":\"2025-10-16T16:08:39+00:00\",\"description\":\"D\u00e9couvrez la collection Mont\u00e9s : des h\u00f4tels-boutiques en Colombie entour\u00e9s par la nature, au design raffin\u00e9 et proposant des exp\u00e9riences uniques. Vivez le tourisme nature.\",\"breadcrumb\":{\"@id\":\"https:\/\/hotelesmontes.com\/fr\/#breadcrumb\"},\"inLanguage\":\"fr-FR\",\"potentialAction\":[{\"@type\":\"ReadAction\",\"target\":[\"https:\/\/hotelesmontes.com\/fr\/\"]}]},{\"@type\":\"BreadcrumbList\",\"@id\":\"https:\/\/hotelesmontes.com\/fr\/#breadcrumb\",\"itemListElement\":[{\"@type\":\"ListItem\",\"position\":1,\"name\":\"Portada\",\"item\":\"https:\/\/hotelesmontes.com\/fr\/\"},{\"@type\":\"ListItem\",\"position\":2,\"name\":\"Accueil\"}]},{\"@type\":\"WebSite\",\"@id\":\"https:\/\/hotelesmontes.com\/fr\/#website\",\"url\":\"https:\/\/hotelesmontes.com\/fr\/\",\"name\":\"Colecci\u00f3n Mont\u00e9s\",\"description\":\"Hoteles y DMC\",\"publisher\":{\"@id\":\"https:\/\/hotelesmontes.com\/fr\/#organization\"},\"alternateName\":\"Mont\u00e9s Ecolodges\",\"potentialAction\":[{\"@type\":\"SearchAction\",\"target\":{\"@type\":\"EntryPoint\",\"urlTemplate\":\"https:\/\/hotelesmontes.com\/fr\/?s={search_term_string}\"},\"query-input\":{\"@type\":\"PropertyValueSpecification\",\"valueRequired\":true,\"valueName\":\"search_term_string\"}}],\"inLanguage\":\"fr-FR\"},{\"@type\":\"Organization\",\"@id\":\"https:\/\/hotelesmontes.com\/fr\/#organization\",\"name\":\"Colecci\u00f3n Mont\u00e9s\",\"alternateName\":\"Colecci\u00f3n Mont\u00e9s Hoteles Silvestres\",\"url\":\"https:\/\/hotelesmontes.com\/fr\/\",\"logo\":{\"@type\":\"ImageObject\",\"inLanguage\":\"fr-FR\",\"@id\":\"https:\/\/hotelesmontes.com\/fr\/#\/schema\/logo\/image\/\",\"url\":\"https:\/\/hotelesmontes.com\/wp-content\/uploads\/Logo.svg\",\"contentUrl\":\"https:\/\/hotelesmontes.com\/wp-content\/uploads\/Logo.svg\",\"caption\":\"Colecci\u00f3n Mont\u00e9s\"},\"image\":{\"@id\":\"https:\/\/hotelesmontes.com\/fr\/#\/schema\/logo\/image\/\"},\"sameAs\":[\"https:\/\/www.facebook.com\/profile.php?id=61555568130292\",\"https:\/\/www.instagram.com\/montes_ecolodges\/\",\"https:\/\/www.youtube.com\/@MontesEcolodges\",\"https:\/\/www.linkedin.com\/company\/monts\/\"]}]}<\/script>\n<!-- \/ Yoast SEO plugin. -->","yoast_head_json":{"title":"Accueil % - Colecci\u00f3n Mont\u00e9s","description":"D\u00e9couvrez la collection Mont\u00e9s : des h\u00f4tels-boutiques en Colombie entour\u00e9s par la nature, au design raffin\u00e9 et proposant des exp\u00e9riences uniques. Vivez le tourisme nature.","robots":{"index":"index","follow":"follow","max-snippet":"max-snippet:-1","max-image-preview":"max-image-preview:large","max-video-preview":"max-video-preview:-1"},"canonical":"https:\/\/hotelesmontes.com\/fr\/","og_locale":"fr_FR","og_type":"article","og_title":"Accueil % - Colecci\u00f3n Mont\u00e9s","og_description":"D\u00e9couvrez la collection Mont\u00e9s : des h\u00f4tels-boutiques en Colombie entour\u00e9s par la nature, au design raffin\u00e9 et proposant des exp\u00e9riences uniques. Vivez le tourisme nature.","og_url":"https:\/\/hotelesmontes.com\/fr\/","og_site_name":"Colecci\u00f3n Mont\u00e9s","article_publisher":"https:\/\/www.facebook.com\/profile.php?id=61555568130292","article_modified_time":"2025-10-16T16:08:39+00:00","twitter_card":"summary_large_image","schema":{"@context":"https:\/\/schema.org","@graph":[{"@type":"WebPage","@id":"https:\/\/hotelesmontes.com\/fr\/","url":"https:\/\/hotelesmontes.com\/fr\/","name":"Accueil % - Colecci\u00f3n Mont\u00e9s","isPartOf":{"@id":"https:\/\/hotelesmontes.com\/fr\/#website"},"datePublished":"2025-09-10T05:45:45+00:00","dateModified":"2025-10-16T16:08:39+00:00","description":"D\u00e9couvrez la collection Mont\u00e9s : des h\u00f4tels-boutiques en Colombie entour\u00e9s par la nature, au design raffin\u00e9 et proposant des exp\u00e9riences uniques. Vivez le tourisme nature.","breadcrumb":{"@id":"https:\/\/hotelesmontes.com\/fr\/#breadcrumb"},"inLanguage":"fr-FR","potentialAction":[{"@type":"ReadAction","target":["https:\/\/hotelesmontes.com\/fr\/"]}]},{"@type":"BreadcrumbList","@id":"https:\/\/hotelesmontes.com\/fr\/#breadcrumb","itemListElement":[{"@type":"ListItem","position":1,"name":"Portada","item":"https:\/\/hotelesmontes.com\/fr\/"},{"@type":"ListItem","position":2,"name":"Accueil"}]},{"@type":"WebSite","@id":"https:\/\/hotelesmontes.com\/fr\/#website","url":"https:\/\/hotelesmontes.com\/fr\/","name":"Colecci\u00f3n Mont\u00e9s","description":"Hoteles y DMC","publisher":{"@id":"https:\/\/hotelesmontes.com\/fr\/#organization"},"alternateName":"Mont\u00e9s Ecolodges","potentialAction":[{"@type":"SearchAction","target":{"@type":"EntryPoint","urlTemplate":"https:\/\/hotelesmontes.com\/fr\/?s={search_term_string}"},"query-input":{"@type":"PropertyValueSpecification","valueRequired":true,"valueName":"search_term_string"}}],"inLanguage":"fr-FR"},{"@type":"Organization","@id":"https:\/\/hotelesmontes.com\/fr\/#organization","name":"Colecci\u00f3n Mont\u00e9s","alternateName":"Colecci\u00f3n Mont\u00e9s Hoteles Silvestres","url":"https:\/\/hotelesmontes.com\/fr\/","logo":{"@type":"ImageObject","inLanguage":"fr-FR","@id":"https:\/\/hotelesmontes.com\/fr\/#\/schema\/logo\/image\/","url":"https:\/\/hotelesmontes.com\/wp-content\/uploads\/Logo.svg","contentUrl":"https:\/\/hotelesmontes.com\/wp-content\/uploads\/Logo.svg","caption":"Colecci\u00f3n Mont\u00e9s"},"image":{"@id":"https:\/\/hotelesmontes.com\/fr\/#\/schema\/logo\/image\/"},"sameAs":["https:\/\/www.facebook.com\/profile.php?id=61555568130292","https:\/\/www.instagram.com\/montes_ecolodges\/","https:\/\/www.youtube.com\/@MontesEcolodges","https:\/\/www.linkedin.com\/company\/monts\/"]}]}},"_links":{"self":[{"href":"https:\/\/hotelesmontes.com\/fr\/wp-json\/wp\/v2\/pages\/4785","targetHints":{"allow":["GET"]}}],"collection":[{"href":"https:\/\/hotelesmontes.com\/fr\/wp-json\/wp\/v2\/pages"}],"about":[{"href":"https:\/\/hotelesmontes.com\/fr\/wp-json\/wp\/v2\/types\/page"}],"author":[{"embeddable":true,"href":"https:\/\/hotelesmontes.com\/fr\/wp-json\/wp\/v2\/users\/9"}],"replies":[{"embeddable":true,"href":"https:\/\/hotelesmontes.com\/fr\/wp-json\/wp\/v2\/comments?post=4785"}],"version-history":[{"count":1,"href":"https:\/\/hotelesmontes.com\/fr\/wp-json\/wp\/v2\/pages\/4785\/revisions"}],"predecessor-version":[{"id":5599,"href":"https:\/\/hotelesmontes.com\/fr\/wp-json\/wp\/v2\/pages\/4785\/revisions\/5599"}],"wp:attachment":[{"href":"https:\/\/hotelesmontes.com\/fr\/wp-json\/wp\/v2\/media?parent=4785"}],"curies":[{"name":"wp","href":"https:\/\/api.w.org\/{rel}","templated":true}]}}