{"id":6612,"date":"2026-03-09T12:44:45","date_gmt":"2026-03-09T17:44:45","guid":{"rendered":"https:\/\/hotelesmontes.com\/choco-surf-trip\/"},"modified":"2026-03-09T12:44:45","modified_gmt":"2026-03-09T17:44:45","slug":"choco-surf-trip","status":"publish","type":"page","link":"https:\/\/hotelesmontes.com\/en\/choco-surf-trip\/","title":{"rendered":"Choc\u00f3 Surf Trip"},"content":{"rendered":"","protected":false},"excerpt":{"rendered":"","protected":false},"author":11,"featured_media":0,"parent":0,"menu_order":0,"comment_status":"closed","ping_status":"closed","template":"","meta":{"footnotes":""},"class_list":["post-6612","page","type-page","status-publish","hentry"],"yoast_head":"<!-- This site is optimized with the Yoast SEO plugin v27.4 - https:\/\/yoast.com\/product\/yoast-seo-wordpress\/ -->\n<title>Choc\u00f3 Surf Trip % - Colecci\u00f3n Mont\u00e9s<\/title>\n<meta name=\"description\" content=\"10 D\u00cdAS de surf en el choc\u00f3, LA SELVA VIRGEN ES EL PAISAJE, EL OCEANO PAC\u00cdFICO ES EL MEDIO, LAS MEJORES OLAS DE COLOMBIA SON EL OBJETIVO.\" \/>\n<meta name=\"robots\" content=\"index, follow, max-snippet:-1, max-image-preview:large, max-video-preview:-1\" \/>\n<link rel=\"canonical\" href=\"https:\/\/hotelesmontes.com\/en\/choco-surf-trip\/\" \/>\n<meta property=\"og:locale\" content=\"en_US\" \/>\n<meta property=\"og:type\" content=\"article\" \/>\n<meta property=\"og:title\" content=\"Choc\u00f3 Surf Trip % - Colecci\u00f3n Mont\u00e9s\" \/>\n<meta property=\"og:description\" content=\"10 D\u00cdAS de surf en el choc\u00f3, LA SELVA VIRGEN ES EL PAISAJE, EL OCEANO PAC\u00cdFICO ES EL MEDIO, LAS MEJORES OLAS DE COLOMBIA SON EL OBJETIVO.\" \/>\n<meta property=\"og:url\" content=\"https:\/\/hotelesmontes.com\/en\/choco-surf-trip\/\" \/>\n<meta property=\"og:site_name\" content=\"Colecci\u00f3n Mont\u00e9s\" \/>\n<meta property=\"article:publisher\" content=\"https:\/\/www.facebook.com\/profile.php?id=61555568130292\" \/>\n<meta name=\"twitter:card\" content=\"summary_large_image\" \/>\n<script type=\"application\/ld+json\" class=\"yoast-schema-graph\">{\"@context\":\"https:\\\/\\\/schema.org\",\"@graph\":[{\"@type\":\"WebPage\",\"@id\":\"https:\\\/\\\/hotelesmontes.com\\\/en\\\/choco-surf-trip\\\/\",\"url\":\"https:\\\/\\\/hotelesmontes.com\\\/en\\\/choco-surf-trip\\\/\",\"name\":\"Choc\u00f3 Surf Trip % - Colecci\u00f3n Mont\u00e9s\",\"isPartOf\":{\"@id\":\"https:\\\/\\\/hotelesmontes.com\\\/en\\\/#website\"},\"datePublished\":\"2026-03-09T17:44:45+00:00\",\"description\":\"10 D\u00cdAS de surf en el choc\u00f3, LA SELVA VIRGEN ES EL PAISAJE, EL OCEANO PAC\u00cdFICO ES EL MEDIO, LAS MEJORES OLAS DE COLOMBIA SON EL OBJETIVO.\",\"breadcrumb\":{\"@id\":\"https:\\\/\\\/hotelesmontes.com\\\/en\\\/choco-surf-trip\\\/#breadcrumb\"},\"inLanguage\":\"en-US\",\"potentialAction\":[{\"@type\":\"ReadAction\",\"target\":[\"https:\\\/\\\/hotelesmontes.com\\\/en\\\/choco-surf-trip\\\/\"]}]},{\"@type\":\"BreadcrumbList\",\"@id\":\"https:\\\/\\\/hotelesmontes.com\\\/en\\\/choco-surf-trip\\\/#breadcrumb\",\"itemListElement\":[{\"@type\":\"ListItem\",\"position\":1,\"name\":\"Portada\",\"item\":\"https:\\\/\\\/hotelesmontes.com\\\/en\\\/\"},{\"@type\":\"ListItem\",\"position\":2,\"name\":\"Choc\u00f3 Surf Trip\"}]},{\"@type\":\"WebSite\",\"@id\":\"https:\\\/\\\/hotelesmontes.com\\\/en\\\/#website\",\"url\":\"https:\\\/\\\/hotelesmontes.com\\\/en\\\/\",\"name\":\"Colecci\u00f3n Mont\u00e9s\",\"description\":\"Hoteles y DMC\",\"publisher\":{\"@id\":\"https:\\\/\\\/hotelesmontes.com\\\/en\\\/#organization\"},\"alternateName\":\"Mont\u00e9s Ecolodges\",\"potentialAction\":[{\"@type\":\"SearchAction\",\"target\":{\"@type\":\"EntryPoint\",\"urlTemplate\":\"https:\\\/\\\/hotelesmontes.com\\\/en\\\/?s={search_term_string}\"},\"query-input\":{\"@type\":\"PropertyValueSpecification\",\"valueRequired\":true,\"valueName\":\"search_term_string\"}}],\"inLanguage\":\"en-US\"},{\"@type\":\"Organization\",\"@id\":\"https:\\\/\\\/hotelesmontes.com\\\/en\\\/#organization\",\"name\":\"Colecci\u00f3n Mont\u00e9s\",\"alternateName\":\"Colecci\u00f3n Mont\u00e9s Hoteles Silvestres\",\"url\":\"https:\\\/\\\/hotelesmontes.com\\\/en\\\/\",\"logo\":{\"@type\":\"ImageObject\",\"inLanguage\":\"en-US\",\"@id\":\"https:\\\/\\\/hotelesmontes.com\\\/en\\\/#\\\/schema\\\/logo\\\/image\\\/\",\"url\":\"https:\\\/\\\/hotelesmontes.com\\\/wp-content\\\/uploads\\\/Logo.svg\",\"contentUrl\":\"https:\\\/\\\/hotelesmontes.com\\\/wp-content\\\/uploads\\\/Logo.svg\",\"caption\":\"Colecci\u00f3n Mont\u00e9s\"},\"image\":{\"@id\":\"https:\\\/\\\/hotelesmontes.com\\\/en\\\/#\\\/schema\\\/logo\\\/image\\\/\"},\"sameAs\":[\"https:\\\/\\\/www.facebook.com\\\/profile.php?id=61555568130292\",\"https:\\\/\\\/www.instagram.com\\\/montes_ecolodges\\\/\",\"https:\\\/\\\/www.youtube.com\\\/@MontesEcolodges\",\"https:\\\/\\\/www.linkedin.com\\\/company\\\/monts\\\/\"]}]}<\/script>\n<!-- \/ Yoast SEO plugin. -->","yoast_head_json":{"title":"Choc\u00f3 Surf Trip % - Colecci\u00f3n Mont\u00e9s","description":"10 D\u00cdAS de surf en el choc\u00f3, LA SELVA VIRGEN ES EL PAISAJE, EL OCEANO PAC\u00cdFICO ES EL MEDIO, LAS MEJORES OLAS DE COLOMBIA SON EL OBJETIVO.","robots":{"index":"index","follow":"follow","max-snippet":"max-snippet:-1","max-image-preview":"max-image-preview:large","max-video-preview":"max-video-preview:-1"},"canonical":"https:\/\/hotelesmontes.com\/en\/choco-surf-trip\/","og_locale":"en_US","og_type":"article","og_title":"Choc\u00f3 Surf Trip % - Colecci\u00f3n Mont\u00e9s","og_description":"10 D\u00cdAS de surf en el choc\u00f3, LA SELVA VIRGEN ES EL PAISAJE, EL OCEANO PAC\u00cdFICO ES EL MEDIO, LAS MEJORES OLAS DE COLOMBIA SON EL OBJETIVO.","og_url":"https:\/\/hotelesmontes.com\/en\/choco-surf-trip\/","og_site_name":"Colecci\u00f3n Mont\u00e9s","article_publisher":"https:\/\/www.facebook.com\/profile.php?id=61555568130292","twitter_card":"summary_large_image","schema":{"@context":"https:\/\/schema.org","@graph":[{"@type":"WebPage","@id":"https:\/\/hotelesmontes.com\/en\/choco-surf-trip\/","url":"https:\/\/hotelesmontes.com\/en\/choco-surf-trip\/","name":"Choc\u00f3 Surf Trip % - Colecci\u00f3n Mont\u00e9s","isPartOf":{"@id":"https:\/\/hotelesmontes.com\/en\/#website"},"datePublished":"2026-03-09T17:44:45+00:00","description":"10 D\u00cdAS de surf en el choc\u00f3, LA SELVA VIRGEN ES EL PAISAJE, EL OCEANO PAC\u00cdFICO ES EL MEDIO, LAS MEJORES OLAS DE COLOMBIA SON EL OBJETIVO.","breadcrumb":{"@id":"https:\/\/hotelesmontes.com\/en\/choco-surf-trip\/#breadcrumb"},"inLanguage":"en-US","potentialAction":[{"@type":"ReadAction","target":["https:\/\/hotelesmontes.com\/en\/choco-surf-trip\/"]}]},{"@type":"BreadcrumbList","@id":"https:\/\/hotelesmontes.com\/en\/choco-surf-trip\/#breadcrumb","itemListElement":[{"@type":"ListItem","position":1,"name":"Portada","item":"https:\/\/hotelesmontes.com\/en\/"},{"@type":"ListItem","position":2,"name":"Choc\u00f3 Surf Trip"}]},{"@type":"WebSite","@id":"https:\/\/hotelesmontes.com\/en\/#website","url":"https:\/\/hotelesmontes.com\/en\/","name":"Colecci\u00f3n Mont\u00e9s","description":"Hoteles y DMC","publisher":{"@id":"https:\/\/hotelesmontes.com\/en\/#organization"},"alternateName":"Mont\u00e9s Ecolodges","potentialAction":[{"@type":"SearchAction","target":{"@type":"EntryPoint","urlTemplate":"https:\/\/hotelesmontes.com\/en\/?s={search_term_string}"},"query-input":{"@type":"PropertyValueSpecification","valueRequired":true,"valueName":"search_term_string"}}],"inLanguage":"en-US"},{"@type":"Organization","@id":"https:\/\/hotelesmontes.com\/en\/#organization","name":"Colecci\u00f3n Mont\u00e9s","alternateName":"Colecci\u00f3n Mont\u00e9s Hoteles Silvestres","url":"https:\/\/hotelesmontes.com\/en\/","logo":{"@type":"ImageObject","inLanguage":"en-US","@id":"https:\/\/hotelesmontes.com\/en\/#\/schema\/logo\/image\/","url":"https:\/\/hotelesmontes.com\/wp-content\/uploads\/Logo.svg","contentUrl":"https:\/\/hotelesmontes.com\/wp-content\/uploads\/Logo.svg","caption":"Colecci\u00f3n Mont\u00e9s"},"image":{"@id":"https:\/\/hotelesmontes.com\/en\/#\/schema\/logo\/image\/"},"sameAs":["https:\/\/www.facebook.com\/profile.php?id=61555568130292","https:\/\/www.instagram.com\/montes_ecolodges\/","https:\/\/www.youtube.com\/@MontesEcolodges","https:\/\/www.linkedin.com\/company\/monts\/"]}]}},"_links":{"self":[{"href":"https:\/\/hotelesmontes.com\/en\/wp-json\/wp\/v2\/pages\/6612","targetHints":{"allow":["GET"]}}],"collection":[{"href":"https:\/\/hotelesmontes.com\/en\/wp-json\/wp\/v2\/pages"}],"about":[{"href":"https:\/\/hotelesmontes.com\/en\/wp-json\/wp\/v2\/types\/page"}],"author":[{"embeddable":true,"href":"https:\/\/hotelesmontes.com\/en\/wp-json\/wp\/v2\/users\/11"}],"replies":[{"embeddable":true,"href":"https:\/\/hotelesmontes.com\/en\/wp-json\/wp\/v2\/comments?post=6612"}],"version-history":[{"count":0,"href":"https:\/\/hotelesmontes.com\/en\/wp-json\/wp\/v2\/pages\/6612\/revisions"}],"wp:attachment":[{"href":"https:\/\/hotelesmontes.com\/en\/wp-json\/wp\/v2\/media?parent=6612"}],"curies":[{"name":"wp","href":"https:\/\/api.w.org\/{rel}","templated":true}]}}