{"id":4659,"date":"2025-09-10T01:07:20","date_gmt":"2025-09-10T06:07:20","guid":{"rendered":"https:\/\/hotelesmontes.com\/samana-2025\/"},"modified":"2025-09-29T20:46:48","modified_gmt":"2025-09-30T01:46:48","slug":"samana-2025","status":"publish","type":"page","link":"https:\/\/hotelesmontes.com\/en\/samana-2025\/","title":{"rendered":"Saman\u00e1 2025"},"content":{"rendered":"","protected":false},"excerpt":{"rendered":"","protected":false},"author":9,"featured_media":0,"parent":0,"menu_order":0,"comment_status":"closed","ping_status":"closed","template":"","meta":{"footnotes":""},"class_list":["post-4659","page","type-page","status-publish","hentry"],"yoast_head":"<!-- This site is optimized with the Yoast SEO plugin v27.2 - https:\/\/yoast.com\/product\/yoast-seo-wordpress\/ -->\n<title>Saman\u00e1 2025 % - Colecci\u00f3n Mont\u00e9s<\/title>\n<meta name=\"description\" content=\"Mont\u00e9s Saman\u00e1: A boutique hotel in Colombia where architecture blends with the forest, and luxury is experienced through serenity, nature, and genuine connection.\" \/>\n<meta name=\"robots\" content=\"index, follow, max-snippet:-1, max-image-preview:large, max-video-preview:-1\" \/>\n<link rel=\"canonical\" href=\"https:\/\/hotelesmontes.com\/en\/samana-2025\/\" \/>\n<meta property=\"og:locale\" content=\"en_US\" \/>\n<meta property=\"og:type\" content=\"article\" \/>\n<meta property=\"og:title\" content=\"Saman\u00e1 2025 % - Colecci\u00f3n Mont\u00e9s\" \/>\n<meta property=\"og:description\" content=\"Mont\u00e9s Saman\u00e1: A boutique hotel in Colombia where architecture blends with the forest, and luxury is experienced through serenity, nature, and genuine connection.\" \/>\n<meta property=\"og:url\" content=\"https:\/\/hotelesmontes.com\/en\/samana-2025\/\" \/>\n<meta property=\"og:site_name\" content=\"Colecci\u00f3n Mont\u00e9s\" \/>\n<meta property=\"article:publisher\" content=\"https:\/\/www.facebook.com\/profile.php?id=61555568130292\" \/>\n<meta property=\"article:modified_time\" content=\"2025-09-30T01:46:48+00:00\" \/>\n<meta name=\"twitter:card\" content=\"summary_large_image\" \/>\n<script type=\"application\/ld+json\" class=\"yoast-schema-graph\">{\"@context\":\"https:\/\/schema.org\",\"@graph\":[{\"@type\":\"WebPage\",\"@id\":\"https:\/\/hotelesmontes.com\/en\/samana-2025\/\",\"url\":\"https:\/\/hotelesmontes.com\/en\/samana-2025\/\",\"name\":\"Saman\u00e1 2025 % - Colecci\u00f3n Mont\u00e9s\",\"isPartOf\":{\"@id\":\"https:\/\/hotelesmontes.com\/en\/#website\"},\"datePublished\":\"2025-09-10T06:07:20+00:00\",\"dateModified\":\"2025-09-30T01:46:48+00:00\",\"description\":\"Mont\u00e9s Saman\u00e1: A boutique hotel in Colombia where architecture blends with the forest, and luxury is experienced through serenity, nature, and genuine connection.\",\"breadcrumb\":{\"@id\":\"https:\/\/hotelesmontes.com\/en\/samana-2025\/#breadcrumb\"},\"inLanguage\":\"en-US\",\"potentialAction\":[{\"@type\":\"ReadAction\",\"target\":[\"https:\/\/hotelesmontes.com\/en\/samana-2025\/\"]}]},{\"@type\":\"BreadcrumbList\",\"@id\":\"https:\/\/hotelesmontes.com\/en\/samana-2025\/#breadcrumb\",\"itemListElement\":[{\"@type\":\"ListItem\",\"position\":1,\"name\":\"Portada\",\"item\":\"https:\/\/hotelesmontes.com\/en\/\"},{\"@type\":\"ListItem\",\"position\":2,\"name\":\"Saman\u00e1 2025\"}]},{\"@type\":\"WebSite\",\"@id\":\"https:\/\/hotelesmontes.com\/en\/#website\",\"url\":\"https:\/\/hotelesmontes.com\/en\/\",\"name\":\"Colecci\u00f3n Mont\u00e9s\",\"description\":\"Hoteles y DMC\",\"publisher\":{\"@id\":\"https:\/\/hotelesmontes.com\/en\/#organization\"},\"alternateName\":\"Mont\u00e9s Ecolodges\",\"potentialAction\":[{\"@type\":\"SearchAction\",\"target\":{\"@type\":\"EntryPoint\",\"urlTemplate\":\"https:\/\/hotelesmontes.com\/en\/?s={search_term_string}\"},\"query-input\":{\"@type\":\"PropertyValueSpecification\",\"valueRequired\":true,\"valueName\":\"search_term_string\"}}],\"inLanguage\":\"en-US\"},{\"@type\":\"Organization\",\"@id\":\"https:\/\/hotelesmontes.com\/en\/#organization\",\"name\":\"Colecci\u00f3n Mont\u00e9s\",\"alternateName\":\"Colecci\u00f3n Mont\u00e9s Hoteles Silvestres\",\"url\":\"https:\/\/hotelesmontes.com\/en\/\",\"logo\":{\"@type\":\"ImageObject\",\"inLanguage\":\"en-US\",\"@id\":\"https:\/\/hotelesmontes.com\/en\/#\/schema\/logo\/image\/\",\"url\":\"https:\/\/hotelesmontes.com\/wp-content\/uploads\/Logo.svg\",\"contentUrl\":\"https:\/\/hotelesmontes.com\/wp-content\/uploads\/Logo.svg\",\"caption\":\"Colecci\u00f3n Mont\u00e9s\"},\"image\":{\"@id\":\"https:\/\/hotelesmontes.com\/en\/#\/schema\/logo\/image\/\"},\"sameAs\":[\"https:\/\/www.facebook.com\/profile.php?id=61555568130292\",\"https:\/\/www.instagram.com\/montes_ecolodges\/\",\"https:\/\/www.youtube.com\/@MontesEcolodges\",\"https:\/\/www.linkedin.com\/company\/monts\/\"]}]}<\/script>\n<!-- \/ Yoast SEO plugin. -->","yoast_head_json":{"title":"Saman\u00e1 2025 % - Colecci\u00f3n Mont\u00e9s","description":"Mont\u00e9s Saman\u00e1: A boutique hotel in Colombia where architecture blends with the forest, and luxury is experienced through serenity, nature, and genuine connection.","robots":{"index":"index","follow":"follow","max-snippet":"max-snippet:-1","max-image-preview":"max-image-preview:large","max-video-preview":"max-video-preview:-1"},"canonical":"https:\/\/hotelesmontes.com\/en\/samana-2025\/","og_locale":"en_US","og_type":"article","og_title":"Saman\u00e1 2025 % - Colecci\u00f3n Mont\u00e9s","og_description":"Mont\u00e9s Saman\u00e1: A boutique hotel in Colombia where architecture blends with the forest, and luxury is experienced through serenity, nature, and genuine connection.","og_url":"https:\/\/hotelesmontes.com\/en\/samana-2025\/","og_site_name":"Colecci\u00f3n Mont\u00e9s","article_publisher":"https:\/\/www.facebook.com\/profile.php?id=61555568130292","article_modified_time":"2025-09-30T01:46:48+00:00","twitter_card":"summary_large_image","schema":{"@context":"https:\/\/schema.org","@graph":[{"@type":"WebPage","@id":"https:\/\/hotelesmontes.com\/en\/samana-2025\/","url":"https:\/\/hotelesmontes.com\/en\/samana-2025\/","name":"Saman\u00e1 2025 % - Colecci\u00f3n Mont\u00e9s","isPartOf":{"@id":"https:\/\/hotelesmontes.com\/en\/#website"},"datePublished":"2025-09-10T06:07:20+00:00","dateModified":"2025-09-30T01:46:48+00:00","description":"Mont\u00e9s Saman\u00e1: A boutique hotel in Colombia where architecture blends with the forest, and luxury is experienced through serenity, nature, and genuine connection.","breadcrumb":{"@id":"https:\/\/hotelesmontes.com\/en\/samana-2025\/#breadcrumb"},"inLanguage":"en-US","potentialAction":[{"@type":"ReadAction","target":["https:\/\/hotelesmontes.com\/en\/samana-2025\/"]}]},{"@type":"BreadcrumbList","@id":"https:\/\/hotelesmontes.com\/en\/samana-2025\/#breadcrumb","itemListElement":[{"@type":"ListItem","position":1,"name":"Portada","item":"https:\/\/hotelesmontes.com\/en\/"},{"@type":"ListItem","position":2,"name":"Saman\u00e1 2025"}]},{"@type":"WebSite","@id":"https:\/\/hotelesmontes.com\/en\/#website","url":"https:\/\/hotelesmontes.com\/en\/","name":"Colecci\u00f3n Mont\u00e9s","description":"Hoteles y DMC","publisher":{"@id":"https:\/\/hotelesmontes.com\/en\/#organization"},"alternateName":"Mont\u00e9s Ecolodges","potentialAction":[{"@type":"SearchAction","target":{"@type":"EntryPoint","urlTemplate":"https:\/\/hotelesmontes.com\/en\/?s={search_term_string}"},"query-input":{"@type":"PropertyValueSpecification","valueRequired":true,"valueName":"search_term_string"}}],"inLanguage":"en-US"},{"@type":"Organization","@id":"https:\/\/hotelesmontes.com\/en\/#organization","name":"Colecci\u00f3n Mont\u00e9s","alternateName":"Colecci\u00f3n Mont\u00e9s Hoteles Silvestres","url":"https:\/\/hotelesmontes.com\/en\/","logo":{"@type":"ImageObject","inLanguage":"en-US","@id":"https:\/\/hotelesmontes.com\/en\/#\/schema\/logo\/image\/","url":"https:\/\/hotelesmontes.com\/wp-content\/uploads\/Logo.svg","contentUrl":"https:\/\/hotelesmontes.com\/wp-content\/uploads\/Logo.svg","caption":"Colecci\u00f3n Mont\u00e9s"},"image":{"@id":"https:\/\/hotelesmontes.com\/en\/#\/schema\/logo\/image\/"},"sameAs":["https:\/\/www.facebook.com\/profile.php?id=61555568130292","https:\/\/www.instagram.com\/montes_ecolodges\/","https:\/\/www.youtube.com\/@MontesEcolodges","https:\/\/www.linkedin.com\/company\/monts\/"]}]}},"_links":{"self":[{"href":"https:\/\/hotelesmontes.com\/en\/wp-json\/wp\/v2\/pages\/4659","targetHints":{"allow":["GET"]}}],"collection":[{"href":"https:\/\/hotelesmontes.com\/en\/wp-json\/wp\/v2\/pages"}],"about":[{"href":"https:\/\/hotelesmontes.com\/en\/wp-json\/wp\/v2\/types\/page"}],"author":[{"embeddable":true,"href":"https:\/\/hotelesmontes.com\/en\/wp-json\/wp\/v2\/users\/9"}],"replies":[{"embeddable":true,"href":"https:\/\/hotelesmontes.com\/en\/wp-json\/wp\/v2\/comments?post=4659"}],"version-history":[{"count":1,"href":"https:\/\/hotelesmontes.com\/en\/wp-json\/wp\/v2\/pages\/4659\/revisions"}],"predecessor-version":[{"id":5280,"href":"https:\/\/hotelesmontes.com\/en\/wp-json\/wp\/v2\/pages\/4659\/revisions\/5280"}],"wp:attachment":[{"href":"https:\/\/hotelesmontes.com\/en\/wp-json\/wp\/v2\/media?parent=4659"}],"curies":[{"name":"wp","href":"https:\/\/api.w.org\/{rel}","templated":true}]}}