{"id":5659,"date":"2025-09-10T01:03:54","date_gmt":"2025-09-10T06:03:54","guid":{"rendered":"https:\/\/hotelesmontes.com\/punta-brava-2025\/"},"modified":"2025-10-22T18:25:43","modified_gmt":"2025-10-22T23:25:43","slug":"punta-brava-2025","status":"publish","type":"page","link":"https:\/\/hotelesmontes.com\/de\/punta-brava-2025\/","title":{"rendered":"Punta Brava 2025"},"content":{"rendered":"","protected":false},"excerpt":{"rendered":"","protected":false},"author":9,"featured_media":0,"parent":0,"menu_order":0,"comment_status":"closed","ping_status":"closed","template":"","meta":{"footnotes":""},"class_list":["post-5659","page","type-page","status-publish","hentry"],"yoast_head":"<!-- This site is optimized with the Yoast SEO plugin v27.2 - https:\/\/yoast.com\/product\/yoast-seo-wordpress\/ -->\n<title>Punta Brava 2025 % - Colecci\u00f3n Mont\u00e9s<\/title>\n<meta name=\"description\" content=\"Mont\u00e9s Punta Brava: Hotel mit Blick auf den Pazifik. Erleben Sie zwischen Dschungel und Meer \u00d6ko-Luxus, beobachten Sie Wale und verbinden Sie sich mit der Natur.\" \/>\n<meta name=\"robots\" content=\"index, follow, max-snippet:-1, max-image-preview:large, max-video-preview:-1\" \/>\n<link rel=\"canonical\" href=\"https:\/\/hotelesmontes.com\/de\/punta-brava-2025\/\" \/>\n<meta property=\"og:locale\" content=\"de_DE\" \/>\n<meta property=\"og:type\" content=\"article\" \/>\n<meta property=\"og:title\" content=\"Punta Brava 2025 % - Colecci\u00f3n Mont\u00e9s\" \/>\n<meta property=\"og:description\" content=\"Mont\u00e9s Punta Brava: Hotel mit Blick auf den Pazifik. Erleben Sie zwischen Dschungel und Meer \u00d6ko-Luxus, beobachten Sie Wale und verbinden Sie sich mit der Natur.\" \/>\n<meta property=\"og:url\" content=\"https:\/\/hotelesmontes.com\/de\/punta-brava-2025\/\" \/>\n<meta property=\"og:site_name\" content=\"Colecci\u00f3n Mont\u00e9s\" \/>\n<meta property=\"article:publisher\" content=\"https:\/\/www.facebook.com\/profile.php?id=61555568130292\" \/>\n<meta property=\"article:modified_time\" content=\"2025-10-22T23:25:43+00:00\" \/>\n<meta name=\"twitter:card\" content=\"summary_large_image\" \/>\n<script type=\"application\/ld+json\" class=\"yoast-schema-graph\">{\"@context\":\"https:\/\/schema.org\",\"@graph\":[{\"@type\":\"WebPage\",\"@id\":\"https:\/\/hotelesmontes.com\/de\/punta-brava-2025\/\",\"url\":\"https:\/\/hotelesmontes.com\/de\/punta-brava-2025\/\",\"name\":\"Punta Brava 2025 % - Colecci\u00f3n Mont\u00e9s\",\"isPartOf\":{\"@id\":\"https:\/\/hotelesmontes.com\/de\/#website\"},\"datePublished\":\"2025-09-10T06:03:54+00:00\",\"dateModified\":\"2025-10-22T23:25:43+00:00\",\"description\":\"Mont\u00e9s Punta Brava: Hotel mit Blick auf den Pazifik. Erleben Sie zwischen Dschungel und Meer \u00d6ko-Luxus, beobachten Sie Wale und verbinden Sie sich mit der Natur.\",\"breadcrumb\":{\"@id\":\"https:\/\/hotelesmontes.com\/de\/punta-brava-2025\/#breadcrumb\"},\"inLanguage\":\"de\",\"potentialAction\":[{\"@type\":\"ReadAction\",\"target\":[\"https:\/\/hotelesmontes.com\/de\/punta-brava-2025\/\"]}]},{\"@type\":\"BreadcrumbList\",\"@id\":\"https:\/\/hotelesmontes.com\/de\/punta-brava-2025\/#breadcrumb\",\"itemListElement\":[{\"@type\":\"ListItem\",\"position\":1,\"name\":\"Portada\",\"item\":\"https:\/\/hotelesmontes.com\/de\/\"},{\"@type\":\"ListItem\",\"position\":2,\"name\":\"Punta Brava 2025\"}]},{\"@type\":\"WebSite\",\"@id\":\"https:\/\/hotelesmontes.com\/de\/#website\",\"url\":\"https:\/\/hotelesmontes.com\/de\/\",\"name\":\"Colecci\u00f3n Mont\u00e9s\",\"description\":\"Hoteles y DMC\",\"publisher\":{\"@id\":\"https:\/\/hotelesmontes.com\/de\/#organization\"},\"alternateName\":\"Mont\u00e9s Ecolodges\",\"potentialAction\":[{\"@type\":\"SearchAction\",\"target\":{\"@type\":\"EntryPoint\",\"urlTemplate\":\"https:\/\/hotelesmontes.com\/de\/?s={search_term_string}\"},\"query-input\":{\"@type\":\"PropertyValueSpecification\",\"valueRequired\":true,\"valueName\":\"search_term_string\"}}],\"inLanguage\":\"de\"},{\"@type\":\"Organization\",\"@id\":\"https:\/\/hotelesmontes.com\/de\/#organization\",\"name\":\"Colecci\u00f3n Mont\u00e9s\",\"alternateName\":\"Colecci\u00f3n Mont\u00e9s Hoteles Silvestres\",\"url\":\"https:\/\/hotelesmontes.com\/de\/\",\"logo\":{\"@type\":\"ImageObject\",\"inLanguage\":\"de\",\"@id\":\"https:\/\/hotelesmontes.com\/de\/#\/schema\/logo\/image\/\",\"url\":\"https:\/\/hotelesmontes.com\/wp-content\/uploads\/Logo.svg\",\"contentUrl\":\"https:\/\/hotelesmontes.com\/wp-content\/uploads\/Logo.svg\",\"caption\":\"Colecci\u00f3n Mont\u00e9s\"},\"image\":{\"@id\":\"https:\/\/hotelesmontes.com\/de\/#\/schema\/logo\/image\/\"},\"sameAs\":[\"https:\/\/www.facebook.com\/profile.php?id=61555568130292\",\"https:\/\/www.instagram.com\/montes_ecolodges\/\",\"https:\/\/www.youtube.com\/@MontesEcolodges\",\"https:\/\/www.linkedin.com\/company\/monts\/\"]}]}<\/script>\n<!-- \/ Yoast SEO plugin. -->","yoast_head_json":{"title":"Punta Brava 2025 % - Colecci\u00f3n Mont\u00e9s","description":"Mont\u00e9s Punta Brava: Hotel mit Blick auf den Pazifik. Erleben Sie zwischen Dschungel und Meer \u00d6ko-Luxus, beobachten Sie Wale und verbinden Sie sich mit der Natur.","robots":{"index":"index","follow":"follow","max-snippet":"max-snippet:-1","max-image-preview":"max-image-preview:large","max-video-preview":"max-video-preview:-1"},"canonical":"https:\/\/hotelesmontes.com\/de\/punta-brava-2025\/","og_locale":"de_DE","og_type":"article","og_title":"Punta Brava 2025 % - Colecci\u00f3n Mont\u00e9s","og_description":"Mont\u00e9s Punta Brava: Hotel mit Blick auf den Pazifik. Erleben Sie zwischen Dschungel und Meer \u00d6ko-Luxus, beobachten Sie Wale und verbinden Sie sich mit der Natur.","og_url":"https:\/\/hotelesmontes.com\/de\/punta-brava-2025\/","og_site_name":"Colecci\u00f3n Mont\u00e9s","article_publisher":"https:\/\/www.facebook.com\/profile.php?id=61555568130292","article_modified_time":"2025-10-22T23:25:43+00:00","twitter_card":"summary_large_image","schema":{"@context":"https:\/\/schema.org","@graph":[{"@type":"WebPage","@id":"https:\/\/hotelesmontes.com\/de\/punta-brava-2025\/","url":"https:\/\/hotelesmontes.com\/de\/punta-brava-2025\/","name":"Punta Brava 2025 % - Colecci\u00f3n Mont\u00e9s","isPartOf":{"@id":"https:\/\/hotelesmontes.com\/de\/#website"},"datePublished":"2025-09-10T06:03:54+00:00","dateModified":"2025-10-22T23:25:43+00:00","description":"Mont\u00e9s Punta Brava: Hotel mit Blick auf den Pazifik. Erleben Sie zwischen Dschungel und Meer \u00d6ko-Luxus, beobachten Sie Wale und verbinden Sie sich mit der Natur.","breadcrumb":{"@id":"https:\/\/hotelesmontes.com\/de\/punta-brava-2025\/#breadcrumb"},"inLanguage":"de","potentialAction":[{"@type":"ReadAction","target":["https:\/\/hotelesmontes.com\/de\/punta-brava-2025\/"]}]},{"@type":"BreadcrumbList","@id":"https:\/\/hotelesmontes.com\/de\/punta-brava-2025\/#breadcrumb","itemListElement":[{"@type":"ListItem","position":1,"name":"Portada","item":"https:\/\/hotelesmontes.com\/de\/"},{"@type":"ListItem","position":2,"name":"Punta Brava 2025"}]},{"@type":"WebSite","@id":"https:\/\/hotelesmontes.com\/de\/#website","url":"https:\/\/hotelesmontes.com\/de\/","name":"Colecci\u00f3n Mont\u00e9s","description":"Hoteles y DMC","publisher":{"@id":"https:\/\/hotelesmontes.com\/de\/#organization"},"alternateName":"Mont\u00e9s Ecolodges","potentialAction":[{"@type":"SearchAction","target":{"@type":"EntryPoint","urlTemplate":"https:\/\/hotelesmontes.com\/de\/?s={search_term_string}"},"query-input":{"@type":"PropertyValueSpecification","valueRequired":true,"valueName":"search_term_string"}}],"inLanguage":"de"},{"@type":"Organization","@id":"https:\/\/hotelesmontes.com\/de\/#organization","name":"Colecci\u00f3n Mont\u00e9s","alternateName":"Colecci\u00f3n Mont\u00e9s Hoteles Silvestres","url":"https:\/\/hotelesmontes.com\/de\/","logo":{"@type":"ImageObject","inLanguage":"de","@id":"https:\/\/hotelesmontes.com\/de\/#\/schema\/logo\/image\/","url":"https:\/\/hotelesmontes.com\/wp-content\/uploads\/Logo.svg","contentUrl":"https:\/\/hotelesmontes.com\/wp-content\/uploads\/Logo.svg","caption":"Colecci\u00f3n Mont\u00e9s"},"image":{"@id":"https:\/\/hotelesmontes.com\/de\/#\/schema\/logo\/image\/"},"sameAs":["https:\/\/www.facebook.com\/profile.php?id=61555568130292","https:\/\/www.instagram.com\/montes_ecolodges\/","https:\/\/www.youtube.com\/@MontesEcolodges","https:\/\/www.linkedin.com\/company\/monts\/"]}]}},"_links":{"self":[{"href":"https:\/\/hotelesmontes.com\/de\/wp-json\/wp\/v2\/pages\/5659","targetHints":{"allow":["GET"]}}],"collection":[{"href":"https:\/\/hotelesmontes.com\/de\/wp-json\/wp\/v2\/pages"}],"about":[{"href":"https:\/\/hotelesmontes.com\/de\/wp-json\/wp\/v2\/types\/page"}],"author":[{"embeddable":true,"href":"https:\/\/hotelesmontes.com\/de\/wp-json\/wp\/v2\/users\/9"}],"replies":[{"embeddable":true,"href":"https:\/\/hotelesmontes.com\/de\/wp-json\/wp\/v2\/comments?post=5659"}],"version-history":[{"count":10,"href":"https:\/\/hotelesmontes.com\/de\/wp-json\/wp\/v2\/pages\/5659\/revisions"}],"predecessor-version":[{"id":5863,"href":"https:\/\/hotelesmontes.com\/de\/wp-json\/wp\/v2\/pages\/5659\/revisions\/5863"}],"wp:attachment":[{"href":"https:\/\/hotelesmontes.com\/de\/wp-json\/wp\/v2\/media?parent=5659"}],"curies":[{"name":"wp","href":"https:\/\/api.w.org\/{rel}","templated":true}]}}